{"id":358,"date":"2026-02-25T08:58:33","date_gmt":"2026-02-25T08:58:33","guid":{"rendered":"https:\/\/ksuza.ba\/?page_id=358"},"modified":"2026-02-25T09:33:24","modified_gmt":"2026-02-25T09:33:24","slug":"uber-uns","status":"publish","type":"page","link":"https:\/\/ksuza.ba\/index.php\/de\/uber-uns\/","title":{"rendered":"O nama"},"content":{"rendered":"\n<section id=\"hero-block_0ba610ba958c4f9dfa6622af2d981903\" class=\"block-hero hero--height-medium hero--align-center\">\n            <div class=\"hero__background\" style=\"background-image: url(https:\/\/ksuza.ba\/wp-content\/uploads\/2026\/02\/IMG_0790.jpg);\">\n            <div class=\"hero__overlay\" style=\"opacity: 0.8;\"><\/div>\n        <\/div>\n    \n    <div class=\"hero__container\">\n        <div class=\"hero__content\">\n                            <span class=\"hero__label\">Lernen Sie uns kennen<\/span>\n            \n            <h1 class=\"hero__title\">Verein Kraji\u0161ka suza<\/h1>\n\n                            <p class=\"hero__description\">Eine Organisation, die in einer Zeit entstand, als die Unterst\u00fctzung der Gemeinschaft am dringendsten ben\u00f6tigt wurde \u2013 ohne anf\u00e4ngliche Ressourcen, R\u00e4umlichkeiten oder Ausr\u00fcstung, aber mit starkem Enthusiasmus und tiefer Hingabe.<\/p>\n            \n                    <\/div>\n    <\/div>\n\n    <div class=\"hero__scroll-indicator\">\n        <svg width=\"24\" height=\"24\" viewBox=\"0 0 24 24\" fill=\"none\" xmlns=\"http:\/\/www.w3.org\/2000\/svg\">\n            <path d=\"M12 5V19\" stroke=\"currentColor\" stroke-width=\"2\" stroke-linecap=\"round\" stroke-linejoin=\"round\"\/>\n            <path d=\"M19 12L12 19L5 12\" stroke=\"currentColor\" stroke-width=\"2\" stroke-linecap=\"round\" stroke-linejoin=\"round\"\/>\n        <\/svg>\n    <\/div>\n<\/section>\n\n\n\n<section id=\"about-block_294c4ac934e4c38da9812004292d0045\" class=\"block-about about--image-right about--bg-white\">\n    <div class=\"about__container\">\n        <div class=\"about__grid\">\n            <div class=\"about__content\">\n                                    <span class=\"about__label\">Unsere Mission<\/span>\n                \n                                    <h2 class=\"about__title\">Mehr als eine humanit\u00e4re Organisation \u2013 wir sind eine Familie<\/h2>\n                \n                                    <div class=\"about__description\">\n                        <p class=\"font-claude-response-body break-words whitespace-pre-wrap leading-[1.7]\">Kraji\u0161ka suza besteht, um durch unsere Werte \u2013 Menschlichkeit, Toleranz und Verst\u00e4ndnis \u2013 die Lebensqualit\u00e4t vulnerabler Gruppen zu verbessern. Wir k\u00fcmmern uns um psychosoziale, gesundheitliche, bildende, informative und kulturelle Bed\u00fcrfnisse.<\/p>\n<p class=\"font-claude-response-body break-words whitespace-normal leading-[1.7]\">Kraji\u0161ka suza verwirklicht ihre Mission durch ein breites Spektrum an Programmen und Dienstleistungen, die zur sozialen Sicherheit, zum Gesundheitsschutz, zur Bildung und zur aktiven Teilhabe vulnerabler Gruppen am gesellschaftlichen Leben beitragen. Unsere Organisation z\u00e4hlt derzeit etwa 400 aktive Mitglieder und erreicht durch verschiedene Projekte und Aktivit\u00e4ten j\u00e4hrlich mehrere Hundert direkte und indirekte Beg\u00fcnstigte.<\/p>\n                    <\/div>\n                \n                                    <ul class=\"about__features\">\n                                                    <li class=\"about__feature\">\n                                <span class=\"about__feature-icon\">\n                                    <svg width=\"20\" height=\"20\" viewBox=\"0 0 24 24\" fill=\"none\" xmlns=\"http:\/\/www.w3.org\/2000\/svg\">\n                                        <path d=\"M20 6L9 17L4 12\" stroke=\"currentColor\" stroke-width=\"2\" stroke-linecap=\"round\" stroke-linejoin=\"round\"\/>\n                                    <\/svg>\n                                <\/span>\n                                <span class=\"about__feature-text\">Transparente Finanzf\u00fchrung<\/span>\n                            <\/li>\n                                                    <li class=\"about__feature\">\n                                <span class=\"about__feature-icon\">\n                                    <svg width=\"20\" height=\"20\" viewBox=\"0 0 24 24\" fill=\"none\" xmlns=\"http:\/\/www.w3.org\/2000\/svg\">\n                                        <path d=\"M20 6L9 17L4 12\" stroke=\"currentColor\" stroke-width=\"2\" stroke-linecap=\"round\" stroke-linejoin=\"round\"\/>\n                                    <\/svg>\n                                <\/span>\n                                <span class=\"about__feature-text\">100% der Spenden kommen den Beg\u00fcnstigten zugute<\/span>\n                            <\/li>\n                                                    <li class=\"about__feature\">\n                                <span class=\"about__feature-icon\">\n                                    <svg width=\"20\" height=\"20\" viewBox=\"0 0 24 24\" fill=\"none\" xmlns=\"http:\/\/www.w3.org\/2000\/svg\">\n                                        <path d=\"M20 6L9 17L4 12\" stroke=\"currentColor\" stroke-width=\"2\" stroke-linecap=\"round\" stroke-linejoin=\"round\"\/>\n                                    <\/svg>\n                                <\/span>\n                                <span class=\"about__feature-text\">Lokale Freiwillige aus der Gemeinschaft<\/span>\n                            <\/li>\n                                                    <li class=\"about__feature\">\n                                <span class=\"about__feature-icon\">\n                                    <svg width=\"20\" height=\"20\" viewBox=\"0 0 24 24\" fill=\"none\" xmlns=\"http:\/\/www.w3.org\/2000\/svg\">\n                                        <path d=\"M20 6L9 17L4 12\" stroke=\"currentColor\" stroke-width=\"2\" stroke-linecap=\"round\" stroke-linejoin=\"round\"\/>\n                                    <\/svg>\n                                <\/span>\n                                <span class=\"about__feature-text\">Zusammenarbeit mit der Gemeinde und Gesundheitseinrichtungen<\/span>\n                            <\/li>\n                                            <\/ul>\n                \n                                    <a href=\"https:\/\/ksuza.ba\/index.php\/de\/historie\/\" class=\"about__button\">\n                        Schauen Sie sich unsere Geschichte an                        <svg width=\"20\" height=\"20\" viewBox=\"0 0 24 24\" fill=\"none\" xmlns=\"http:\/\/www.w3.org\/2000\/svg\">\n                            <path d=\"M5 12H19\" stroke=\"currentColor\" stroke-width=\"2\" stroke-linecap=\"round\" stroke-linejoin=\"round\"\/>\n                            <path d=\"M12 5L19 12L12 19\" stroke=\"currentColor\" stroke-width=\"2\" stroke-linecap=\"round\" stroke-linejoin=\"round\"\/>\n                        <\/svg>\n                    <\/a>\n                            <\/div>\n\n                            <div class=\"about__image-wrapper\">\n                    <div class=\"about__image-container\">\n                        <img decoding=\"async\" src=\"https:\/\/ksuza.ba\/wp-content\/uploads\/2026\/02\/izlet5.jpg\" alt=\"izlet\" class=\"about__image\" loading=\"lazy\">\n                        <div class=\"about__image-decoration\"><\/div>\n                    <\/div>\n                <\/div>\n                    <\/div>\n    <\/div>\n<\/section>\n\n\n\n<section id=\"cta-block_65944063af31c5215ade7c325de81a97\" class=\"block-cta cta--bg-primary cta--align-center\">\n    \n    <div class=\"cta__container\">\n        <div class=\"cta__content\">\n                            <h2 class=\"cta__title\">Werden Sie Teil unserer Geschichte<\/h2>\n            \n                            <p class=\"cta__description\">Wir suchen Menschen mit gro\u00dfem Herz, die einen echten Unterschied im Leben unserer \u00e4ltesten Mitb\u00fcrger machen m\u00f6chten. Erfahrung ist nicht erforderlich \u2013 nur der Wille zu helfen.<\/p>\n            \n                            <div class=\"cta__buttons\">\n                                            <a href=\"https:\/\/ksuza.ba\/index.php\/de\/kontakt-de\/\" class=\"cta__button cta__button--primary\">\n                            Jetzt als Freiwilliger anmelden                            <svg width=\"20\" height=\"20\" viewBox=\"0 0 24 24\" fill=\"none\" xmlns=\"http:\/\/www.w3.org\/2000\/svg\">\n                                <path d=\"M5 12H19\" stroke=\"currentColor\" stroke-width=\"2\" stroke-linecap=\"round\" stroke-linejoin=\"round\"\/>\n                                <path d=\"M12 5L19 12L12 19\" stroke=\"currentColor\" stroke-width=\"2\" stroke-linecap=\"round\" stroke-linejoin=\"round\"\/>\n                            <\/svg>\n                        <\/a>\n                    \n                                    <\/div>\n                    <\/div>\n    <\/div>\n<\/section>\n","protected":false},"excerpt":{"rendered":"","protected":false},"author":1,"featured_media":0,"parent":0,"menu_order":0,"comment_status":"closed","ping_status":"closed","template":"","meta":{"_acf_changed":false,"footnotes":""},"class_list":["post-358","page","type-page","status-publish","hentry"],"acf":[],"yoast_head":"<!-- This site is optimized with the Yoast SEO plugin v26.9 - https:\/\/yoast.com\/product\/yoast-seo-wordpress\/ -->\n<title>O nama - Organizaciji koja ve\u0107 15+ godina poma\u017ee<\/title>\n<meta name=\"description\" content=\"Organizaciji koja ve\u0107 15+ godina poma\u017ee starijim stanovnicima Sanskog Mosta kroz dostavu hrane, posjete i svakodnevnu brigu.\" \/>\n<meta name=\"robots\" content=\"index, follow, max-snippet:-1, max-image-preview:large, max-video-preview:-1\" \/>\n<link rel=\"canonical\" href=\"https:\/\/ksuza.ba\/index.php\/de\/uber-uns\/\" \/>\n<meta property=\"og:locale\" content=\"bs_BA\" \/>\n<meta property=\"og:type\" content=\"article\" \/>\n<meta property=\"og:title\" content=\"O nama - Organizaciji koja ve\u0107 15+ godina poma\u017ee\" \/>\n<meta property=\"og:description\" content=\"Organizaciji koja ve\u0107 15+ godina poma\u017ee starijim stanovnicima Sanskog Mosta kroz dostavu hrane, posjete i svakodnevnu brigu.\" \/>\n<meta property=\"og:url\" content=\"https:\/\/ksuza.ba\/index.php\/de\/uber-uns\/\" \/>\n<meta property=\"og:site_name\" content=\"Kraji\u0161ka suza\" \/>\n<meta property=\"article:modified_time\" content=\"2026-02-25T09:33:24+00:00\" \/>\n<meta name=\"twitter:card\" content=\"summary_large_image\" \/>\n<script type=\"application\/ld+json\" class=\"yoast-schema-graph\">{\"@context\":\"https:\/\/schema.org\",\"@graph\":[{\"@type\":\"WebPage\",\"@id\":\"https:\/\/ksuza.ba\/index.php\/de\/uber-uns\/\",\"url\":\"https:\/\/ksuza.ba\/index.php\/de\/uber-uns\/\",\"name\":\"O nama - Organizaciji koja ve\u0107 15+ godina poma\u017ee\",\"isPartOf\":{\"@id\":\"https:\/\/ksuza.ba\/#website\"},\"datePublished\":\"2026-02-25T08:58:33+00:00\",\"dateModified\":\"2026-02-25T09:33:24+00:00\",\"description\":\"Organizaciji koja ve\u0107 15+ godina poma\u017ee starijim stanovnicima Sanskog Mosta kroz dostavu hrane, posjete i svakodnevnu brigu.\",\"breadcrumb\":{\"@id\":\"https:\/\/ksuza.ba\/index.php\/de\/uber-uns\/#breadcrumb\"},\"inLanguage\":\"bs-BA\",\"potentialAction\":[{\"@type\":\"ReadAction\",\"target\":[\"https:\/\/ksuza.ba\/index.php\/de\/uber-uns\/\"]}]},{\"@type\":\"BreadcrumbList\",\"@id\":\"https:\/\/ksuza.ba\/index.php\/de\/uber-uns\/#breadcrumb\",\"itemListElement\":[{\"@type\":\"ListItem\",\"position\":1,\"name\":\"Home\",\"item\":\"https:\/\/ksuza.ba\/\"},{\"@type\":\"ListItem\",\"position\":2,\"name\":\"O nama\"}]},{\"@type\":\"WebSite\",\"@id\":\"https:\/\/ksuza.ba\/#website\",\"url\":\"https:\/\/ksuza.ba\/\",\"name\":\"Kraji\u0161ka suza\",\"description\":\"\",\"publisher\":{\"@id\":\"https:\/\/ksuza.ba\/#organization\"},\"potentialAction\":[{\"@type\":\"SearchAction\",\"target\":{\"@type\":\"EntryPoint\",\"urlTemplate\":\"https:\/\/ksuza.ba\/?s={search_term_string}\"},\"query-input\":{\"@type\":\"PropertyValueSpecification\",\"valueRequired\":true,\"valueName\":\"search_term_string\"}}],\"inLanguage\":\"bs-BA\"},{\"@type\":\"Organization\",\"@id\":\"https:\/\/ksuza.ba\/#organization\",\"name\":\"Kraji\u0161ka suza\",\"url\":\"https:\/\/ksuza.ba\/\",\"logo\":{\"@type\":\"ImageObject\",\"inLanguage\":\"bs-BA\",\"@id\":\"https:\/\/ksuza.ba\/#\/schema\/logo\/image\/\",\"url\":\"https:\/\/ksuza.ba\/wp-content\/uploads\/2026\/02\/beautiful-green-field-with-amazing-cloudy-white-sky-scaled.jpg\",\"contentUrl\":\"https:\/\/ksuza.ba\/wp-content\/uploads\/2026\/02\/beautiful-green-field-with-amazing-cloudy-white-sky-scaled.jpg\",\"width\":2560,\"height\":1713,\"caption\":\"Kraji\u0161ka suza\"},\"image\":{\"@id\":\"https:\/\/ksuza.ba\/#\/schema\/logo\/image\/\"}}]}<\/script>\n<!-- \/ Yoast SEO plugin. -->","yoast_head_json":{"title":"O nama - Organizaciji koja ve\u0107 15+ godina poma\u017ee","description":"Organizaciji koja ve\u0107 15+ godina poma\u017ee starijim stanovnicima Sanskog Mosta kroz dostavu hrane, posjete i svakodnevnu brigu.","robots":{"index":"index","follow":"follow","max-snippet":"max-snippet:-1","max-image-preview":"max-image-preview:large","max-video-preview":"max-video-preview:-1"},"canonical":"https:\/\/ksuza.ba\/index.php\/de\/uber-uns\/","og_locale":"bs_BA","og_type":"article","og_title":"O nama - Organizaciji koja ve\u0107 15+ godina poma\u017ee","og_description":"Organizaciji koja ve\u0107 15+ godina poma\u017ee starijim stanovnicima Sanskog Mosta kroz dostavu hrane, posjete i svakodnevnu brigu.","og_url":"https:\/\/ksuza.ba\/index.php\/de\/uber-uns\/","og_site_name":"Kraji\u0161ka suza","article_modified_time":"2026-02-25T09:33:24+00:00","twitter_card":"summary_large_image","schema":{"@context":"https:\/\/schema.org","@graph":[{"@type":"WebPage","@id":"https:\/\/ksuza.ba\/index.php\/de\/uber-uns\/","url":"https:\/\/ksuza.ba\/index.php\/de\/uber-uns\/","name":"O nama - Organizaciji koja ve\u0107 15+ godina poma\u017ee","isPartOf":{"@id":"https:\/\/ksuza.ba\/#website"},"datePublished":"2026-02-25T08:58:33+00:00","dateModified":"2026-02-25T09:33:24+00:00","description":"Organizaciji koja ve\u0107 15+ godina poma\u017ee starijim stanovnicima Sanskog Mosta kroz dostavu hrane, posjete i svakodnevnu brigu.","breadcrumb":{"@id":"https:\/\/ksuza.ba\/index.php\/de\/uber-uns\/#breadcrumb"},"inLanguage":"bs-BA","potentialAction":[{"@type":"ReadAction","target":["https:\/\/ksuza.ba\/index.php\/de\/uber-uns\/"]}]},{"@type":"BreadcrumbList","@id":"https:\/\/ksuza.ba\/index.php\/de\/uber-uns\/#breadcrumb","itemListElement":[{"@type":"ListItem","position":1,"name":"Home","item":"https:\/\/ksuza.ba\/"},{"@type":"ListItem","position":2,"name":"O nama"}]},{"@type":"WebSite","@id":"https:\/\/ksuza.ba\/#website","url":"https:\/\/ksuza.ba\/","name":"Kraji\u0161ka suza","description":"","publisher":{"@id":"https:\/\/ksuza.ba\/#organization"},"potentialAction":[{"@type":"SearchAction","target":{"@type":"EntryPoint","urlTemplate":"https:\/\/ksuza.ba\/?s={search_term_string}"},"query-input":{"@type":"PropertyValueSpecification","valueRequired":true,"valueName":"search_term_string"}}],"inLanguage":"bs-BA"},{"@type":"Organization","@id":"https:\/\/ksuza.ba\/#organization","name":"Kraji\u0161ka suza","url":"https:\/\/ksuza.ba\/","logo":{"@type":"ImageObject","inLanguage":"bs-BA","@id":"https:\/\/ksuza.ba\/#\/schema\/logo\/image\/","url":"https:\/\/ksuza.ba\/wp-content\/uploads\/2026\/02\/beautiful-green-field-with-amazing-cloudy-white-sky-scaled.jpg","contentUrl":"https:\/\/ksuza.ba\/wp-content\/uploads\/2026\/02\/beautiful-green-field-with-amazing-cloudy-white-sky-scaled.jpg","width":2560,"height":1713,"caption":"Kraji\u0161ka suza"},"image":{"@id":"https:\/\/ksuza.ba\/#\/schema\/logo\/image\/"}}]}},"_links":{"self":[{"href":"https:\/\/ksuza.ba\/index.php\/wp-json\/wp\/v2\/pages\/358","targetHints":{"allow":["GET"]}}],"collection":[{"href":"https:\/\/ksuza.ba\/index.php\/wp-json\/wp\/v2\/pages"}],"about":[{"href":"https:\/\/ksuza.ba\/index.php\/wp-json\/wp\/v2\/types\/page"}],"author":[{"embeddable":true,"href":"https:\/\/ksuza.ba\/index.php\/wp-json\/wp\/v2\/users\/1"}],"replies":[{"embeddable":true,"href":"https:\/\/ksuza.ba\/index.php\/wp-json\/wp\/v2\/comments?post=358"}],"version-history":[{"count":4,"href":"https:\/\/ksuza.ba\/index.php\/wp-json\/wp\/v2\/pages\/358\/revisions"}],"predecessor-version":[{"id":395,"href":"https:\/\/ksuza.ba\/index.php\/wp-json\/wp\/v2\/pages\/358\/revisions\/395"}],"wp:attachment":[{"href":"https:\/\/ksuza.ba\/index.php\/wp-json\/wp\/v2\/media?parent=358"}],"curies":[{"name":"wp","href":"https:\/\/api.w.org\/{rel}","templated":true}]}}