{"id":14,"date":"2026-02-02T07:32:15","date_gmt":"2026-02-02T07:32:15","guid":{"rendered":"https:\/\/ksuza.ba\/?page_id=14"},"modified":"2026-02-06T08:17:08","modified_gmt":"2026-02-06T08:17:08","slug":"historijat","status":"publish","type":"page","link":"https:\/\/ksuza.ba\/index.php\/historijat\/","title":{"rendered":"Historijat"},"content":{"rendered":"\n<section id=\"hero-block_5d304d3fb8ca4f573bb8f80d418af53a\" class=\"block-hero hero--height-medium hero--align-center\">\n            <div class=\"hero__background\" style=\"background-image: url(https:\/\/ksuza.ba\/wp-content\/uploads\/2026\/02\/P1010559.jpg);\">\n            <div class=\"hero__overlay\" style=\"opacity: 0.8;\"><\/div>\n        <\/div>\n    \n    <div class=\"hero__container\">\n        <div class=\"hero__content\">\n                            <span class=\"hero__label\">Historijat Udru\u017eenja &quot;Kraji\u0161ka suza&quot;<\/span>\n            \n            <h1 class=\"hero__title\">Na\u0161a pri\u010da<\/h1>\n\n                            <p class=\"hero__description\">Od skromnih po\u010detaka, u te\u0161kim poslijeratnim okolnostima, do stabilne humanitarne organizacije koja ve\u0107 decenijama pru\u017ea podr\u0161ku \u017eenama, djeci i starim osobama &#8211; ovo je pri\u010da Kraji\u0161ke suze.<\/p>\n            \n                    <\/div>\n    <\/div>\n\n    <div class=\"hero__scroll-indicator\">\n        <svg width=\"24\" height=\"24\" viewBox=\"0 0 24 24\" fill=\"none\" xmlns=\"http:\/\/www.w3.org\/2000\/svg\">\n            <path d=\"M12 5V19\" stroke=\"currentColor\" stroke-width=\"2\" stroke-linecap=\"round\" stroke-linejoin=\"round\"\/>\n            <path d=\"M19 12L12 19L5 12\" stroke=\"currentColor\" stroke-width=\"2\" stroke-linecap=\"round\" stroke-linejoin=\"round\"\/>\n        <\/svg>\n    <\/div>\n<\/section>\n\n\n\n<section id=\"about-block_1b11bfddfb636349c5c8f7c54d3e8844\" class=\"block-about about--image-right about--bg-white\">\n    <div class=\"about__container\">\n        <div class=\"about__grid\">\n            <div class=\"about__content\">\n                                    <span class=\"about__label\">Kako je sve po\u010delo<\/span>\n                \n                                    <h2 class=\"about__title\">Entuzijazam, solidarnost i potreba zajednice<\/h2>\n                \n                                    <div class=\"about__description\">\n                        <p data-start=\"730\" data-end=\"1048\">Pri\u010da Udru\u017eenja <strong data-start=\"746\" data-end=\"763\">Kraji\u0161ka suza<\/strong> zapo\u010dinje <strong data-start=\"774\" data-end=\"790\">1995. godine<\/strong>, u vremenu kada je lokalnoj zajednici Sanskog Mosta bila potrebna sna\u017ena podr\u0161ka i humanitarna pomo\u0107. Organizacija je prvobitno osnovana kao <em data-start=\"932\" data-end=\"971\">Udru\u017eenje \u017eena u ratu \u201eKraji\u0161ka suza\u201c<\/em>, sa ciljem da pru\u017ei pomo\u0107 \u017eenama i porodicama pogo\u0111enim ratnim posljedicama.<\/p>\n<p data-start=\"1050\" data-end=\"1379\">U prvim godinama rada, nismo raspolagali vlastitim prostorom, opremom niti finansijskim sredstvima. Ono \u0161to smo imali bio je <strong data-start=\"1175\" data-end=\"1231\">entuzijazam, solidarnost i sna\u017ena \u017eelja da pomognemo<\/strong> onima kojima je pomo\u0107 bila najpotrebnija. Kroz volonterski anga\u017eman i podr\u0161ku zajednice, zapo\u010deli smo pru\u017eanje psihosocijalne i humanitarne pomo\u0107i.<\/p>\n                    <\/div>\n                \n                                    <ul class=\"about__features\">\n                                                    <li class=\"about__feature\">\n                                <span class=\"about__feature-icon\">\n                                    <svg width=\"20\" height=\"20\" viewBox=\"0 0 24 24\" fill=\"none\" xmlns=\"http:\/\/www.w3.org\/2000\/svg\">\n                                        <path d=\"M20 6L9 17L4 12\" stroke=\"currentColor\" stroke-width=\"2\" stroke-linecap=\"round\" stroke-linejoin=\"round\"\/>\n                                    <\/svg>\n                                <\/span>\n                                <span class=\"about__feature-text\">1995: Osnivanje Udru\u017eenja \u017eena u ratu &quot;Kraji\u0161ka suza&quot;<\/span>\n                            <\/li>\n                                                    <li class=\"about__feature\">\n                                <span class=\"about__feature-icon\">\n                                    <svg width=\"20\" height=\"20\" viewBox=\"0 0 24 24\" fill=\"none\" xmlns=\"http:\/\/www.w3.org\/2000\/svg\">\n                                        <path d=\"M20 6L9 17L4 12\" stroke=\"currentColor\" stroke-width=\"2\" stroke-linecap=\"round\" stroke-linejoin=\"round\"\/>\n                                    <\/svg>\n                                <\/span>\n                                <span class=\"about__feature-text\">1996: Premje\u0161tanje sjedi\u0161ta u Sanski Most<\/span>\n                            <\/li>\n                                                    <li class=\"about__feature\">\n                                <span class=\"about__feature-icon\">\n                                    <svg width=\"20\" height=\"20\" viewBox=\"0 0 24 24\" fill=\"none\" xmlns=\"http:\/\/www.w3.org\/2000\/svg\">\n                                        <path d=\"M20 6L9 17L4 12\" stroke=\"currentColor\" stroke-width=\"2\" stroke-linecap=\"round\" stroke-linejoin=\"round\"\/>\n                                    <\/svg>\n                                <\/span>\n                                <span class=\"about__feature-text\">1998: Preregistracija u humanitarnu organizaciju<\/span>\n                            <\/li>\n                                                    <li class=\"about__feature\">\n                                <span class=\"about__feature-icon\">\n                                    <svg width=\"20\" height=\"20\" viewBox=\"0 0 24 24\" fill=\"none\" xmlns=\"http:\/\/www.w3.org\/2000\/svg\">\n                                        <path d=\"M20 6L9 17L4 12\" stroke=\"currentColor\" stroke-width=\"2\" stroke-linecap=\"round\" stroke-linejoin=\"round\"\/>\n                                    <\/svg>\n                                <\/span>\n                                <span class=\"about__feature-text\">2002: Otvaranje Dnevnog centra za stare osobe<\/span>\n                            <\/li>\n                                                    <li class=\"about__feature\">\n                                <span class=\"about__feature-icon\">\n                                    <svg width=\"20\" height=\"20\" viewBox=\"0 0 24 24\" fill=\"none\" xmlns=\"http:\/\/www.w3.org\/2000\/svg\">\n                                        <path d=\"M20 6L9 17L4 12\" stroke=\"currentColor\" stroke-width=\"2\" stroke-linecap=\"round\" stroke-linejoin=\"round\"\/>\n                                    <\/svg>\n                                <\/span>\n                                <span class=\"about__feature-text\">2003\u20132004: Pokretanje Centra za djecu sa posebnim potrebama<\/span>\n                            <\/li>\n                                                    <li class=\"about__feature\">\n                                <span class=\"about__feature-icon\">\n                                    <svg width=\"20\" height=\"20\" viewBox=\"0 0 24 24\" fill=\"none\" xmlns=\"http:\/\/www.w3.org\/2000\/svg\">\n                                        <path d=\"M20 6L9 17L4 12\" stroke=\"currentColor\" stroke-width=\"2\" stroke-linecap=\"round\" stroke-linejoin=\"round\"\/>\n                                    <\/svg>\n                                <\/span>\n                                <span class=\"about__feature-text\">Danas: Kontinuiran rad i razvoj programa za \u017eene, djecu i osobe tre\u0107e \u017eivotne dobi<\/span>\n                            <\/li>\n                                            <\/ul>\n                \n                            <\/div>\n\n                            <div class=\"about__image-wrapper\">\n                    <div class=\"about__image-container\">\n                        <img decoding=\"async\" src=\"https:\/\/ksuza.ba\/wp-content\/uploads\/2026\/02\/edukacija2.jpg\" alt=\"edukacija\" class=\"about__image\" loading=\"lazy\">\n                        <div class=\"about__image-decoration\"><\/div>\n                    <\/div>\n                <\/div>\n                    <\/div>\n    <\/div>\n<\/section>\n\n\n\n<section id=\"statistics-block_1a38915675dba2a5f61012642f09fa13\" class=\"block-statistics statistics--bg-light statistics--cols-4\">\n    \n    <div class=\"statistics__container\">\n                    <div class=\"statistics__header\">\n                                    <span class=\"statistics__label\"> Na\u0161 uticaj <\/span>\n                \n                                    <h2 class=\"statistics__title\">Brojke koje govore vi\u0161e od rije\u010di<\/h2>\n                \n                            <\/div>\n        \n                    <div class=\"statistics__grid\">\n                                    <div class=\"statistics__item\">\n                        <div class=\"statistics__item-number\" data-count=\"31\">\n                            31                                                            <span class=\"statistics__item-suffix\">+<\/span>\n                                                    <\/div>\n                        <div class=\"statistics__item-label\">godina rada<\/div>\n                                            <\/div>\n                                    <div class=\"statistics__item\">\n                        <div class=\"statistics__item-number\" data-count=\"400\">\n                            400                                                            <span class=\"statistics__item-suffix\">+<\/span>\n                                                    <\/div>\n                        <div class=\"statistics__item-label\">korisnika<\/div>\n                                            <\/div>\n                                    <div class=\"statistics__item\">\n                        <div class=\"statistics__item-number\" data-count=\"50\">\n                            50                                                            <span class=\"statistics__item-suffix\">+<\/span>\n                                                    <\/div>\n                        <div class=\"statistics__item-label\">projekata<\/div>\n                                            <\/div>\n                                    <div class=\"statistics__item\">\n                        <div class=\"statistics__item-number\" data-count=\"2000\">\n                            2000                                                            <span class=\"statistics__item-suffix\">+<\/span>\n                                                    <\/div>\n                        <div class=\"statistics__item-label\">zadovoljnih korisnika<\/div>\n                                            <\/div>\n                            <\/div>\n            <\/div>\n<\/section>\n","protected":false},"excerpt":{"rendered":"","protected":false},"author":1,"featured_media":0,"parent":0,"menu_order":0,"comment_status":"closed","ping_status":"closed","template":"","meta":{"_acf_changed":false,"footnotes":""},"class_list":["post-14","page","type-page","status-publish","hentry"],"acf":[],"yoast_head":"<!-- This site is optimized with the Yoast SEO plugin v26.9 - https:\/\/yoast.com\/product\/yoast-seo-wordpress\/ -->\n<title>Kraji\u0161ka suza - Od skromnih po\u010detaka 2008. do danas<\/title>\n<meta name=\"description\" content=\"Od skromnih po\u010detaka 2008. do danas - pro\u010ditajte pri\u010du o nastanku i razvoju humanitarne organizacije Kraji\u0161ka suza iz Sanskog Mosta.\" \/>\n<meta name=\"robots\" content=\"index, follow, max-snippet:-1, max-image-preview:large, max-video-preview:-1\" \/>\n<link rel=\"canonical\" href=\"https:\/\/ksuza.ba\/index.php\/historijat\/\" \/>\n<meta property=\"og:locale\" content=\"bs_BA\" \/>\n<meta property=\"og:type\" content=\"article\" \/>\n<meta property=\"og:title\" content=\"Kraji\u0161ka suza - Od skromnih po\u010detaka 2008. do danas\" \/>\n<meta property=\"og:description\" content=\"Od skromnih po\u010detaka 2008. do danas - pro\u010ditajte pri\u010du o nastanku i razvoju humanitarne organizacije Kraji\u0161ka suza iz Sanskog Mosta.\" \/>\n<meta property=\"og:url\" content=\"https:\/\/ksuza.ba\/index.php\/historijat\/\" \/>\n<meta property=\"og:site_name\" content=\"Kraji\u0161ka suza\" \/>\n<meta property=\"article:modified_time\" content=\"2026-02-06T08:17:08+00:00\" \/>\n<meta name=\"twitter:card\" content=\"summary_large_image\" \/>\n<script type=\"application\/ld+json\" class=\"yoast-schema-graph\">{\"@context\":\"https:\/\/schema.org\",\"@graph\":[{\"@type\":\"WebPage\",\"@id\":\"https:\/\/ksuza.ba\/index.php\/historijat\/\",\"url\":\"https:\/\/ksuza.ba\/index.php\/historijat\/\",\"name\":\"Kraji\u0161ka suza - Od skromnih po\u010detaka 2008. do danas\",\"isPartOf\":{\"@id\":\"https:\/\/ksuza.ba\/#website\"},\"datePublished\":\"2026-02-02T07:32:15+00:00\",\"dateModified\":\"2026-02-06T08:17:08+00:00\",\"description\":\"Od skromnih po\u010detaka 2008. do danas - pro\u010ditajte pri\u010du o nastanku i razvoju humanitarne organizacije Kraji\u0161ka suza iz Sanskog Mosta.\",\"breadcrumb\":{\"@id\":\"https:\/\/ksuza.ba\/index.php\/historijat\/#breadcrumb\"},\"inLanguage\":\"bs-BA\",\"potentialAction\":[{\"@type\":\"ReadAction\",\"target\":[\"https:\/\/ksuza.ba\/index.php\/historijat\/\"]}]},{\"@type\":\"BreadcrumbList\",\"@id\":\"https:\/\/ksuza.ba\/index.php\/historijat\/#breadcrumb\",\"itemListElement\":[{\"@type\":\"ListItem\",\"position\":1,\"name\":\"Home\",\"item\":\"https:\/\/ksuza.ba\/\"},{\"@type\":\"ListItem\",\"position\":2,\"name\":\"Historijat\"}]},{\"@type\":\"WebSite\",\"@id\":\"https:\/\/ksuza.ba\/#website\",\"url\":\"https:\/\/ksuza.ba\/\",\"name\":\"Kraji\u0161ka suza\",\"description\":\"\",\"publisher\":{\"@id\":\"https:\/\/ksuza.ba\/#organization\"},\"potentialAction\":[{\"@type\":\"SearchAction\",\"target\":{\"@type\":\"EntryPoint\",\"urlTemplate\":\"https:\/\/ksuza.ba\/?s={search_term_string}\"},\"query-input\":{\"@type\":\"PropertyValueSpecification\",\"valueRequired\":true,\"valueName\":\"search_term_string\"}}],\"inLanguage\":\"bs-BA\"},{\"@type\":\"Organization\",\"@id\":\"https:\/\/ksuza.ba\/#organization\",\"name\":\"Kraji\u0161ka suza\",\"url\":\"https:\/\/ksuza.ba\/\",\"logo\":{\"@type\":\"ImageObject\",\"inLanguage\":\"bs-BA\",\"@id\":\"https:\/\/ksuza.ba\/#\/schema\/logo\/image\/\",\"url\":\"https:\/\/ksuza.ba\/wp-content\/uploads\/2026\/02\/beautiful-green-field-with-amazing-cloudy-white-sky-scaled.jpg\",\"contentUrl\":\"https:\/\/ksuza.ba\/wp-content\/uploads\/2026\/02\/beautiful-green-field-with-amazing-cloudy-white-sky-scaled.jpg\",\"width\":2560,\"height\":1713,\"caption\":\"Kraji\u0161ka suza\"},\"image\":{\"@id\":\"https:\/\/ksuza.ba\/#\/schema\/logo\/image\/\"}}]}<\/script>\n<!-- \/ Yoast SEO plugin. -->","yoast_head_json":{"title":"Kraji\u0161ka suza - Od skromnih po\u010detaka 2008. do danas","description":"Od skromnih po\u010detaka 2008. do danas - pro\u010ditajte pri\u010du o nastanku i razvoju humanitarne organizacije Kraji\u0161ka suza iz Sanskog Mosta.","robots":{"index":"index","follow":"follow","max-snippet":"max-snippet:-1","max-image-preview":"max-image-preview:large","max-video-preview":"max-video-preview:-1"},"canonical":"https:\/\/ksuza.ba\/index.php\/historijat\/","og_locale":"bs_BA","og_type":"article","og_title":"Kraji\u0161ka suza - Od skromnih po\u010detaka 2008. do danas","og_description":"Od skromnih po\u010detaka 2008. do danas - pro\u010ditajte pri\u010du o nastanku i razvoju humanitarne organizacije Kraji\u0161ka suza iz Sanskog Mosta.","og_url":"https:\/\/ksuza.ba\/index.php\/historijat\/","og_site_name":"Kraji\u0161ka suza","article_modified_time":"2026-02-06T08:17:08+00:00","twitter_card":"summary_large_image","schema":{"@context":"https:\/\/schema.org","@graph":[{"@type":"WebPage","@id":"https:\/\/ksuza.ba\/index.php\/historijat\/","url":"https:\/\/ksuza.ba\/index.php\/historijat\/","name":"Kraji\u0161ka suza - Od skromnih po\u010detaka 2008. do danas","isPartOf":{"@id":"https:\/\/ksuza.ba\/#website"},"datePublished":"2026-02-02T07:32:15+00:00","dateModified":"2026-02-06T08:17:08+00:00","description":"Od skromnih po\u010detaka 2008. do danas - pro\u010ditajte pri\u010du o nastanku i razvoju humanitarne organizacije Kraji\u0161ka suza iz Sanskog Mosta.","breadcrumb":{"@id":"https:\/\/ksuza.ba\/index.php\/historijat\/#breadcrumb"},"inLanguage":"bs-BA","potentialAction":[{"@type":"ReadAction","target":["https:\/\/ksuza.ba\/index.php\/historijat\/"]}]},{"@type":"BreadcrumbList","@id":"https:\/\/ksuza.ba\/index.php\/historijat\/#breadcrumb","itemListElement":[{"@type":"ListItem","position":1,"name":"Home","item":"https:\/\/ksuza.ba\/"},{"@type":"ListItem","position":2,"name":"Historijat"}]},{"@type":"WebSite","@id":"https:\/\/ksuza.ba\/#website","url":"https:\/\/ksuza.ba\/","name":"Kraji\u0161ka suza","description":"","publisher":{"@id":"https:\/\/ksuza.ba\/#organization"},"potentialAction":[{"@type":"SearchAction","target":{"@type":"EntryPoint","urlTemplate":"https:\/\/ksuza.ba\/?s={search_term_string}"},"query-input":{"@type":"PropertyValueSpecification","valueRequired":true,"valueName":"search_term_string"}}],"inLanguage":"bs-BA"},{"@type":"Organization","@id":"https:\/\/ksuza.ba\/#organization","name":"Kraji\u0161ka suza","url":"https:\/\/ksuza.ba\/","logo":{"@type":"ImageObject","inLanguage":"bs-BA","@id":"https:\/\/ksuza.ba\/#\/schema\/logo\/image\/","url":"https:\/\/ksuza.ba\/wp-content\/uploads\/2026\/02\/beautiful-green-field-with-amazing-cloudy-white-sky-scaled.jpg","contentUrl":"https:\/\/ksuza.ba\/wp-content\/uploads\/2026\/02\/beautiful-green-field-with-amazing-cloudy-white-sky-scaled.jpg","width":2560,"height":1713,"caption":"Kraji\u0161ka suza"},"image":{"@id":"https:\/\/ksuza.ba\/#\/schema\/logo\/image\/"}}]}},"_links":{"self":[{"href":"https:\/\/ksuza.ba\/index.php\/wp-json\/wp\/v2\/pages\/14","targetHints":{"allow":["GET"]}}],"collection":[{"href":"https:\/\/ksuza.ba\/index.php\/wp-json\/wp\/v2\/pages"}],"about":[{"href":"https:\/\/ksuza.ba\/index.php\/wp-json\/wp\/v2\/types\/page"}],"author":[{"embeddable":true,"href":"https:\/\/ksuza.ba\/index.php\/wp-json\/wp\/v2\/users\/1"}],"replies":[{"embeddable":true,"href":"https:\/\/ksuza.ba\/index.php\/wp-json\/wp\/v2\/comments?post=14"}],"version-history":[{"count":11,"href":"https:\/\/ksuza.ba\/index.php\/wp-json\/wp\/v2\/pages\/14\/revisions"}],"predecessor-version":[{"id":318,"href":"https:\/\/ksuza.ba\/index.php\/wp-json\/wp\/v2\/pages\/14\/revisions\/318"}],"wp:attachment":[{"href":"https:\/\/ksuza.ba\/index.php\/wp-json\/wp\/v2\/media?parent=14"}],"curies":[{"name":"wp","href":"https:\/\/api.w.org\/{rel}","templated":true}]}}