{"id":12,"date":"2026-02-02T07:32:06","date_gmt":"2026-02-02T07:32:06","guid":{"rendered":"https:\/\/ksuza.ba\/?page_id=12"},"modified":"2026-02-06T08:11:49","modified_gmt":"2026-02-06T08:11:49","slug":"o-nama","status":"publish","type":"page","link":"https:\/\/ksuza.ba\/index.php\/o-nama\/","title":{"rendered":"O nama"},"content":{"rendered":"\n<section id=\"hero-block_978f73237af1d34ade0217a71600d13a\" class=\"block-hero hero--height-medium hero--align-center\">\n            <div class=\"hero__background\" style=\"background-image: url(https:\/\/ksuza.ba\/wp-content\/uploads\/2026\/02\/IMG_0790.jpg);\">\n            <div class=\"hero__overlay\" style=\"opacity: 0.8;\"><\/div>\n        <\/div>\n    \n    <div class=\"hero__container\">\n        <div class=\"hero__content\">\n                            <span class=\"hero__label\">Upoznajte nas<\/span>\n            \n            <h1 class=\"hero__title\">Udru\u017eenje Kraji\u0161ka suza<\/h1>\n\n                            <p class=\"hero__description\">Organizacija koja je nastala u vremenu kada je podr\u0161ka zajednici bila najpotrebnija, bez po\u010detnih resursa, prostora ili opreme &#8211; ali sa sna\u017enim entuzijazmom i posve\u0107eno\u0161\u0107u.<\/p>\n            \n                    <\/div>\n    <\/div>\n\n    <div class=\"hero__scroll-indicator\">\n        <svg width=\"24\" height=\"24\" viewBox=\"0 0 24 24\" fill=\"none\" xmlns=\"http:\/\/www.w3.org\/2000\/svg\">\n            <path d=\"M12 5V19\" stroke=\"currentColor\" stroke-width=\"2\" stroke-linecap=\"round\" stroke-linejoin=\"round\"\/>\n            <path d=\"M19 12L12 19L5 12\" stroke=\"currentColor\" stroke-width=\"2\" stroke-linecap=\"round\" stroke-linejoin=\"round\"\/>\n        <\/svg>\n    <\/div>\n<\/section>\n\n\n\n<section id=\"about-block_f8aa527353efa00ef831698eed91d22a\" class=\"block-about about--image-right about--bg-white\">\n    <div class=\"about__container\">\n        <div class=\"about__grid\">\n            <div class=\"about__content\">\n                                    <span class=\"about__label\">Na\u0161a misija<\/span>\n                \n                                    <h2 class=\"about__title\">Vi\u0161e od humanitarne organizacije &#8211; mi smo porodica<\/h2>\n                \n                                    <div class=\"about__description\">\n                        <p><em>Kraji\u0161ka suza<\/em> postoji da kroz svoje vrijednosti &#8211; humanost, toleranciju i razumijevanje &#8211; unaprijedi kvalitet \u017eivota ranjivih grupa kroz brigu o psihosocijalnim, zdravstvenim, edukativnim, informativnim i kulturnim potrebama.<\/p>\n<p><em>Kraji\u0161ka suza<\/em> ostvaruje svoju misiju kroz \u0161irok spektar programa i usluga koji doprinose socijalnoj sigurnosti, zdravstvenoj za\u0161titi, obrazovanju i aktivnom uklju\u010divanju ranjivih grupa u dru\u0161tvo. Na\u0161a organizacija trenutno broji oko <strong data-start=\"1776\" data-end=\"1800\">400 aktivnih \u010dlanova<\/strong>, a kroz razli\u010dite projekte i aktivnosti godi\u0161nje dopire do <strong data-start=\"1860\" data-end=\"1910\">vi\u0161e stotina direktnih i indirektnih korisnika<\/strong>.<\/p>\n                    <\/div>\n                \n                                    <ul class=\"about__features\">\n                                                    <li class=\"about__feature\">\n                                <span class=\"about__feature-icon\">\n                                    <svg width=\"20\" height=\"20\" viewBox=\"0 0 24 24\" fill=\"none\" xmlns=\"http:\/\/www.w3.org\/2000\/svg\">\n                                        <path d=\"M20 6L9 17L4 12\" stroke=\"currentColor\" stroke-width=\"2\" stroke-linecap=\"round\" stroke-linejoin=\"round\"\/>\n                                    <\/svg>\n                                <\/span>\n                                <span class=\"about__feature-text\">Transparentno finansijsko poslovanje<\/span>\n                            <\/li>\n                                                    <li class=\"about__feature\">\n                                <span class=\"about__feature-icon\">\n                                    <svg width=\"20\" height=\"20\" viewBox=\"0 0 24 24\" fill=\"none\" xmlns=\"http:\/\/www.w3.org\/2000\/svg\">\n                                        <path d=\"M20 6L9 17L4 12\" stroke=\"currentColor\" stroke-width=\"2\" stroke-linecap=\"round\" stroke-linejoin=\"round\"\/>\n                                    <\/svg>\n                                <\/span>\n                                <span class=\"about__feature-text\">100% donacija ide korisnicima<\/span>\n                            <\/li>\n                                                    <li class=\"about__feature\">\n                                <span class=\"about__feature-icon\">\n                                    <svg width=\"20\" height=\"20\" viewBox=\"0 0 24 24\" fill=\"none\" xmlns=\"http:\/\/www.w3.org\/2000\/svg\">\n                                        <path d=\"M20 6L9 17L4 12\" stroke=\"currentColor\" stroke-width=\"2\" stroke-linecap=\"round\" stroke-linejoin=\"round\"\/>\n                                    <\/svg>\n                                <\/span>\n                                <span class=\"about__feature-text\">Lokalni volonteri iz zajednice<\/span>\n                            <\/li>\n                                                    <li class=\"about__feature\">\n                                <span class=\"about__feature-icon\">\n                                    <svg width=\"20\" height=\"20\" viewBox=\"0 0 24 24\" fill=\"none\" xmlns=\"http:\/\/www.w3.org\/2000\/svg\">\n                                        <path d=\"M20 6L9 17L4 12\" stroke=\"currentColor\" stroke-width=\"2\" stroke-linecap=\"round\" stroke-linejoin=\"round\"\/>\n                                    <\/svg>\n                                <\/span>\n                                <span class=\"about__feature-text\">Saradnja sa op\u0107inom i zdravstvenim ustanovama<\/span>\n                            <\/li>\n                                            <\/ul>\n                \n                                    <a href=\"https:\/\/ksuza.ba\/index.php\/historijat\/\" class=\"about__button\">\n                        Pogledajte na\u0161 historijat                        <svg width=\"20\" height=\"20\" viewBox=\"0 0 24 24\" fill=\"none\" xmlns=\"http:\/\/www.w3.org\/2000\/svg\">\n                            <path d=\"M5 12H19\" stroke=\"currentColor\" stroke-width=\"2\" stroke-linecap=\"round\" stroke-linejoin=\"round\"\/>\n                            <path d=\"M12 5L19 12L12 19\" stroke=\"currentColor\" stroke-width=\"2\" stroke-linecap=\"round\" stroke-linejoin=\"round\"\/>\n                        <\/svg>\n                    <\/a>\n                            <\/div>\n\n                            <div class=\"about__image-wrapper\">\n                    <div class=\"about__image-container\">\n                        <img decoding=\"async\" src=\"https:\/\/ksuza.ba\/wp-content\/uploads\/2026\/02\/izlet5.jpg\" alt=\"izlet\" class=\"about__image\" loading=\"lazy\">\n                        <div class=\"about__image-decoration\"><\/div>\n                    <\/div>\n                <\/div>\n                    <\/div>\n    <\/div>\n<\/section>\n\n\n\n<section id=\"cta-block_a18449b6b1067a7221cb41e1528e397c\" class=\"block-cta cta--bg-primary cta--align-center\">\n    \n    <div class=\"cta__container\">\n        <div class=\"cta__content\">\n                            <h2 class=\"cta__title\">Postanite dio na\u0161e pri\u010de<\/h2>\n            \n                            <p class=\"cta__description\">Tra\u017eimo ljude velikog srca koji \u017eele napraviti stvarnu razliku u \u017eivotima na\u0161ih najstarijih sugra\u0111ana. Nije potrebno iskustvo &#8211; samo \u017eelja da pomognete.<\/p>\n            \n                            <div class=\"cta__buttons\">\n                                            <a href=\"https:\/\/ksuza.ba\/index.php\/kontakt\/\" class=\"cta__button cta__button--primary\">\n                            Prijavite se kao volonter                            <svg width=\"20\" height=\"20\" viewBox=\"0 0 24 24\" fill=\"none\" xmlns=\"http:\/\/www.w3.org\/2000\/svg\">\n                                <path d=\"M5 12H19\" stroke=\"currentColor\" stroke-width=\"2\" stroke-linecap=\"round\" stroke-linejoin=\"round\"\/>\n                                <path d=\"M12 5L19 12L12 19\" stroke=\"currentColor\" stroke-width=\"2\" stroke-linecap=\"round\" stroke-linejoin=\"round\"\/>\n                            <\/svg>\n                        <\/a>\n                    \n                                    <\/div>\n                    <\/div>\n    <\/div>\n<\/section>\n","protected":false},"excerpt":{"rendered":"","protected":false},"author":1,"featured_media":0,"parent":0,"menu_order":0,"comment_status":"closed","ping_status":"closed","template":"","meta":{"_acf_changed":false,"footnotes":""},"class_list":["post-12","page","type-page","status-publish","hentry"],"acf":[],"yoast_head":"<!-- This site is optimized with the Yoast SEO plugin v26.9 - https:\/\/yoast.com\/product\/yoast-seo-wordpress\/ -->\n<title>O nama - Organizaciji koja ve\u0107 15+ godina poma\u017ee<\/title>\n<meta name=\"description\" content=\"Organizaciji koja ve\u0107 15+ godina poma\u017ee starijim stanovnicima Sanskog Mosta kroz dostavu hrane, posjete i svakodnevnu brigu.\" \/>\n<meta name=\"robots\" content=\"index, follow, max-snippet:-1, max-image-preview:large, max-video-preview:-1\" \/>\n<link rel=\"canonical\" href=\"https:\/\/ksuza.ba\/index.php\/o-nama\/\" \/>\n<meta property=\"og:locale\" content=\"bs_BA\" \/>\n<meta property=\"og:type\" content=\"article\" \/>\n<meta property=\"og:title\" content=\"O nama - Organizaciji koja ve\u0107 15+ godina poma\u017ee\" \/>\n<meta property=\"og:description\" content=\"Organizaciji koja ve\u0107 15+ godina poma\u017ee starijim stanovnicima Sanskog Mosta kroz dostavu hrane, posjete i svakodnevnu brigu.\" \/>\n<meta property=\"og:url\" content=\"https:\/\/ksuza.ba\/index.php\/o-nama\/\" \/>\n<meta property=\"og:site_name\" content=\"Kraji\u0161ka suza\" \/>\n<meta property=\"article:modified_time\" content=\"2026-02-06T08:11:49+00:00\" \/>\n<meta name=\"twitter:card\" content=\"summary_large_image\" \/>\n<script type=\"application\/ld+json\" class=\"yoast-schema-graph\">{\"@context\":\"https:\/\/schema.org\",\"@graph\":[{\"@type\":\"WebPage\",\"@id\":\"https:\/\/ksuza.ba\/index.php\/o-nama\/\",\"url\":\"https:\/\/ksuza.ba\/index.php\/o-nama\/\",\"name\":\"O nama - Organizaciji koja ve\u0107 15+ godina poma\u017ee\",\"isPartOf\":{\"@id\":\"https:\/\/ksuza.ba\/#website\"},\"datePublished\":\"2026-02-02T07:32:06+00:00\",\"dateModified\":\"2026-02-06T08:11:49+00:00\",\"description\":\"Organizaciji koja ve\u0107 15+ godina poma\u017ee starijim stanovnicima Sanskog Mosta kroz dostavu hrane, posjete i svakodnevnu brigu.\",\"breadcrumb\":{\"@id\":\"https:\/\/ksuza.ba\/index.php\/o-nama\/#breadcrumb\"},\"inLanguage\":\"bs-BA\",\"potentialAction\":[{\"@type\":\"ReadAction\",\"target\":[\"https:\/\/ksuza.ba\/index.php\/o-nama\/\"]}]},{\"@type\":\"BreadcrumbList\",\"@id\":\"https:\/\/ksuza.ba\/index.php\/o-nama\/#breadcrumb\",\"itemListElement\":[{\"@type\":\"ListItem\",\"position\":1,\"name\":\"Home\",\"item\":\"https:\/\/ksuza.ba\/\"},{\"@type\":\"ListItem\",\"position\":2,\"name\":\"O nama\"}]},{\"@type\":\"WebSite\",\"@id\":\"https:\/\/ksuza.ba\/#website\",\"url\":\"https:\/\/ksuza.ba\/\",\"name\":\"Kraji\u0161ka suza\",\"description\":\"\",\"publisher\":{\"@id\":\"https:\/\/ksuza.ba\/#organization\"},\"potentialAction\":[{\"@type\":\"SearchAction\",\"target\":{\"@type\":\"EntryPoint\",\"urlTemplate\":\"https:\/\/ksuza.ba\/?s={search_term_string}\"},\"query-input\":{\"@type\":\"PropertyValueSpecification\",\"valueRequired\":true,\"valueName\":\"search_term_string\"}}],\"inLanguage\":\"bs-BA\"},{\"@type\":\"Organization\",\"@id\":\"https:\/\/ksuza.ba\/#organization\",\"name\":\"Kraji\u0161ka suza\",\"url\":\"https:\/\/ksuza.ba\/\",\"logo\":{\"@type\":\"ImageObject\",\"inLanguage\":\"bs-BA\",\"@id\":\"https:\/\/ksuza.ba\/#\/schema\/logo\/image\/\",\"url\":\"https:\/\/ksuza.ba\/wp-content\/uploads\/2026\/02\/beautiful-green-field-with-amazing-cloudy-white-sky-scaled.jpg\",\"contentUrl\":\"https:\/\/ksuza.ba\/wp-content\/uploads\/2026\/02\/beautiful-green-field-with-amazing-cloudy-white-sky-scaled.jpg\",\"width\":2560,\"height\":1713,\"caption\":\"Kraji\u0161ka suza\"},\"image\":{\"@id\":\"https:\/\/ksuza.ba\/#\/schema\/logo\/image\/\"}}]}<\/script>\n<!-- \/ Yoast SEO plugin. -->","yoast_head_json":{"title":"O nama - Organizaciji koja ve\u0107 15+ godina poma\u017ee","description":"Organizaciji koja ve\u0107 15+ godina poma\u017ee starijim stanovnicima Sanskog Mosta kroz dostavu hrane, posjete i svakodnevnu brigu.","robots":{"index":"index","follow":"follow","max-snippet":"max-snippet:-1","max-image-preview":"max-image-preview:large","max-video-preview":"max-video-preview:-1"},"canonical":"https:\/\/ksuza.ba\/index.php\/o-nama\/","og_locale":"bs_BA","og_type":"article","og_title":"O nama - Organizaciji koja ve\u0107 15+ godina poma\u017ee","og_description":"Organizaciji koja ve\u0107 15+ godina poma\u017ee starijim stanovnicima Sanskog Mosta kroz dostavu hrane, posjete i svakodnevnu brigu.","og_url":"https:\/\/ksuza.ba\/index.php\/o-nama\/","og_site_name":"Kraji\u0161ka suza","article_modified_time":"2026-02-06T08:11:49+00:00","twitter_card":"summary_large_image","schema":{"@context":"https:\/\/schema.org","@graph":[{"@type":"WebPage","@id":"https:\/\/ksuza.ba\/index.php\/o-nama\/","url":"https:\/\/ksuza.ba\/index.php\/o-nama\/","name":"O nama - Organizaciji koja ve\u0107 15+ godina poma\u017ee","isPartOf":{"@id":"https:\/\/ksuza.ba\/#website"},"datePublished":"2026-02-02T07:32:06+00:00","dateModified":"2026-02-06T08:11:49+00:00","description":"Organizaciji koja ve\u0107 15+ godina poma\u017ee starijim stanovnicima Sanskog Mosta kroz dostavu hrane, posjete i svakodnevnu brigu.","breadcrumb":{"@id":"https:\/\/ksuza.ba\/index.php\/o-nama\/#breadcrumb"},"inLanguage":"bs-BA","potentialAction":[{"@type":"ReadAction","target":["https:\/\/ksuza.ba\/index.php\/o-nama\/"]}]},{"@type":"BreadcrumbList","@id":"https:\/\/ksuza.ba\/index.php\/o-nama\/#breadcrumb","itemListElement":[{"@type":"ListItem","position":1,"name":"Home","item":"https:\/\/ksuza.ba\/"},{"@type":"ListItem","position":2,"name":"O nama"}]},{"@type":"WebSite","@id":"https:\/\/ksuza.ba\/#website","url":"https:\/\/ksuza.ba\/","name":"Kraji\u0161ka suza","description":"","publisher":{"@id":"https:\/\/ksuza.ba\/#organization"},"potentialAction":[{"@type":"SearchAction","target":{"@type":"EntryPoint","urlTemplate":"https:\/\/ksuza.ba\/?s={search_term_string}"},"query-input":{"@type":"PropertyValueSpecification","valueRequired":true,"valueName":"search_term_string"}}],"inLanguage":"bs-BA"},{"@type":"Organization","@id":"https:\/\/ksuza.ba\/#organization","name":"Kraji\u0161ka suza","url":"https:\/\/ksuza.ba\/","logo":{"@type":"ImageObject","inLanguage":"bs-BA","@id":"https:\/\/ksuza.ba\/#\/schema\/logo\/image\/","url":"https:\/\/ksuza.ba\/wp-content\/uploads\/2026\/02\/beautiful-green-field-with-amazing-cloudy-white-sky-scaled.jpg","contentUrl":"https:\/\/ksuza.ba\/wp-content\/uploads\/2026\/02\/beautiful-green-field-with-amazing-cloudy-white-sky-scaled.jpg","width":2560,"height":1713,"caption":"Kraji\u0161ka suza"},"image":{"@id":"https:\/\/ksuza.ba\/#\/schema\/logo\/image\/"}}]}},"_links":{"self":[{"href":"https:\/\/ksuza.ba\/index.php\/wp-json\/wp\/v2\/pages\/12","targetHints":{"allow":["GET"]}}],"collection":[{"href":"https:\/\/ksuza.ba\/index.php\/wp-json\/wp\/v2\/pages"}],"about":[{"href":"https:\/\/ksuza.ba\/index.php\/wp-json\/wp\/v2\/types\/page"}],"author":[{"embeddable":true,"href":"https:\/\/ksuza.ba\/index.php\/wp-json\/wp\/v2\/users\/1"}],"replies":[{"embeddable":true,"href":"https:\/\/ksuza.ba\/index.php\/wp-json\/wp\/v2\/comments?post=12"}],"version-history":[{"count":10,"href":"https:\/\/ksuza.ba\/index.php\/wp-json\/wp\/v2\/pages\/12\/revisions"}],"predecessor-version":[{"id":311,"href":"https:\/\/ksuza.ba\/index.php\/wp-json\/wp\/v2\/pages\/12\/revisions\/311"}],"wp:attachment":[{"href":"https:\/\/ksuza.ba\/index.php\/wp-json\/wp\/v2\/media?parent=12"}],"curies":[{"name":"wp","href":"https:\/\/api.w.org\/{rel}","templated":true}]}}